{"id":2,"date":"2026-03-11T16:47:24","date_gmt":"2026-03-11T16:47:24","guid":{"rendered":"https:\/\/nordsurface.online\/?page_id=2"},"modified":"2026-03-12T04:38:28","modified_gmt":"2026-03-12T04:38:28","slug":"kontakt","status":"publish","type":"page","link":"https:\/\/nordsurface.online\/en\/kontakt\/","title":{"rendered":"Kontakt"},"content":{"rendered":"<h2 class=\"wp-block-heading ext-animate--on\">Kontakt oss<\/h2>\n\n\n\n<p class=\"ext-animate--on\">\u00d8nsker du teknisk r\u00e5dgivning eller et pristilbud p\u00e5 materialer?\u200bVi fungerer som bindeleddet mellom ledende europeiske produsenter og det norske markedet. Vi hjelper prosjekterende og utf\u00f8rende med \u00e5 finne de rette systemene for varige og estetiske resinbelegg.<\/p>\n\n\n\n<blockquote class=\"wp-block-quote is-layout-flow wp-block-quote-is-layout-flow\">\n<p><strong>\u200b1. Teknisk sparring og produktvalg<\/strong><\/p>\n\n\n\n<p class=\"ext-animate--on\">Er du r\u00e5dgiver, bygherre eller entrepren\u00f8r? Vi tilbyder teknisk veiledning rundt materialvalg og systemoppbygging av resinbelegg. Som din profesjonelle partner sikrer vi at du f\u00e5r de riktige produktene til dine prosjekter i Norge<\/p>\n<\/blockquote>\n\n\n\n<blockquote class=\"wp-block-quote is-layout-flow wp-block-quote-is-layout-flow\">\n<p><strong>2. Foresp\u00f8rsel om tilbud p\u00e5 materialer<\/strong><\/p>\n\n\n\n<p class=\"ext-animate--on\">Vi leverer h\u00f8ykvalitets resinbelegg til b\u00e5de private og profesjonelle akt\u00f8rer over hele landet. Kontakt oss for et uforpliktende tilbud p\u00e5 materialer til ditt neste prosjekt.<\/p>\n<\/blockquote>\n\n\n\n<p><\/p>","protected":false},"excerpt":{"rendered":"<p>Kontakt oss \u00d8nsker du teknisk r\u00e5dgivning eller et pristilbud p\u00e5 materialer?\u200bVi fungerer som bindeleddet mellom ledende europeiske produsenter og det norske markedet. Vi hjelper prosjekterende og utf\u00f8rende med \u00e5 finne de rette systemene for varige og estetiske resinbelegg. \u200b1. Teknisk sparring og produktvalg Er du r\u00e5dgiver, bygherre eller entrepren\u00f8r? Vi tilbyder teknisk veiledning rundt materialvalg<\/p>\n<p class=\"more-link\"><a href=\"https:\/\/nordsurface.online\/en\/kontakt\/\" class=\"themebutton2\">READ MORE<\/a><\/p>","protected":false},"author":1,"featured_media":0,"parent":0,"menu_order":0,"comment_status":"closed","ping_status":"closed","template":"","meta":{"_monsterinsights_skip_tracking":false,"_monsterinsights_sitenote_active":false,"_monsterinsights_sitenote_note":"","_monsterinsights_sitenote_category":0,"footnotes":""},"class_list":["post-2","page","type-page","status-publish","hentry"],"_links":{"self":[{"href":"https:\/\/nordsurface.online\/en\/wp-json\/wp\/v2\/pages\/2","targetHints":{"allow":["GET"]}}],"collection":[{"href":"https:\/\/nordsurface.online\/en\/wp-json\/wp\/v2\/pages"}],"about":[{"href":"https:\/\/nordsurface.online\/en\/wp-json\/wp\/v2\/types\/page"}],"author":[{"embeddable":true,"href":"https:\/\/nordsurface.online\/en\/wp-json\/wp\/v2\/users\/1"}],"replies":[{"embeddable":true,"href":"https:\/\/nordsurface.online\/en\/wp-json\/wp\/v2\/comments?post=2"}],"version-history":[{"count":4,"href":"https:\/\/nordsurface.online\/en\/wp-json\/wp\/v2\/pages\/2\/revisions"}],"predecessor-version":[{"id":76,"href":"https:\/\/nordsurface.online\/en\/wp-json\/wp\/v2\/pages\/2\/revisions\/76"}],"wp:attachment":[{"href":"https:\/\/nordsurface.online\/en\/wp-json\/wp\/v2\/media?parent=2"}],"curies":[{"name":"wp","href":"https:\/\/api.w.org\/{rel}","templated":true}]}}